{"id":84,"date":"2026-02-26T11:18:22","date_gmt":"2026-02-26T11:18:22","guid":{"rendered":"https:\/\/zmsmotors.az\/?post_type=product&#038;p=84"},"modified":"2026-03-05T12:55:11","modified_gmt":"2026-03-05T12:55:11","slug":"head-lamp-right-6674401-bobcat","status":"publish","type":"product","link":"https:\/\/zmsmotors.az\/az\/product\/head-lamp-right-6674401-bobcat\/","title":{"rendered":"\u00c7al\u0131\u015fma i\u015f\u0131\u011f\u0131, \u00f6n sa\u011f - 6674401 - BobCat"},"content":{"rendered":"<p>Hiss\u0259 N\u00f6mr\u0259si: 6674401<br \/>\nModel: Bobcat<br \/>\nV\u0259ziyy\u0259ti: Yeni<br \/>\nKateqoriya: Elektrik Sistemi<\/p>","protected":false},"excerpt":{"rendered":"<p>Part Number: 6674401 Machine: Bobcat Condition: New Category: Electrical System<\/p>","protected":false},"featured_media":64,"comment_status":"open","ping_status":"closed","template":"","meta":{"site-sidebar-layout":"default","site-content-layout":"","ast-site-content-layout":"default","site-content-style":"default","site-sidebar-style":"default","ast-global-header-display":"","ast-banner-title-visibility":"","ast-main-header-display":"","ast-hfb-above-header-display":"","ast-hfb-below-header-display":"","ast-hfb-mobile-header-display":"","site-post-title":"","ast-breadcrumbs-content":"","ast-featured-img":"","footer-sml-layout":"","ast-disable-related-posts":"","theme-transparent-header-meta":"default","adv-header-id-meta":"","stick-header-meta":"","header-above-stick-meta":"","header-main-stick-meta":"","header-below-stick-meta":"","astra-migrate-meta-layouts":"set","ast-page-background-enabled":"default","ast-page-background-meta":{"desktop":{"background-color":"var(--ast-global-color-5)","background-image":"","background-repeat":"repeat","background-position":"center center","background-size":"auto","background-attachment":"scroll","background-type":"","background-media":"","overlay-type":"","overlay-color":"","overlay-opacity":"","overlay-gradient":""},"tablet":{"background-color":"","background-image":"","background-repeat":"repeat","background-position":"center center","background-size":"auto","background-attachment":"scroll","background-type":"","background-media":"","overlay-type":"","overlay-color":"","overlay-opacity":"","overlay-gradient":""},"mobile":{"background-color":"","background-image":"","background-repeat":"repeat","background-position":"center center","background-size":"auto","background-attachment":"scroll","background-type":"","background-media":"","overlay-type":"","overlay-color":"","overlay-opacity":"","overlay-gradient":""}},"ast-content-background-meta":{"desktop":{"background-color":"var(--ast-global-color-4)","background-image":"","background-repeat":"repeat","background-position":"center center","background-size":"auto","background-attachment":"scroll","background-type":"","background-media":"","overlay-type":"","overlay-color":"","overlay-opacity":"","overlay-gradient":""},"tablet":{"background-color":"var(--ast-global-color-4)","background-image":"","background-repeat":"repeat","background-position":"center center","background-size":"auto","background-attachment":"scroll","background-type":"","background-media":"","overlay-type":"","overlay-color":"","overlay-opacity":"","overlay-gradient":""},"mobile":{"background-color":"var(--ast-global-color-4)","background-image":"","background-repeat":"repeat","background-position":"center center","background-size":"auto","background-attachment":"scroll","background-type":"","background-media":"","overlay-type":"","overlay-color":"","overlay-opacity":"","overlay-gradient":""}}},"pwb-brand":[],"product_brand":[27],"product_cat":[23],"product_tag":[69,56,48,32,33,34,35,49,38,39,40,41],"class_list":{"0":"post-84","1":"product","2":"type-product","3":"status-publish","4":"has-post-thumbnail","6":"product_brand-bobcat","7":"product_cat-electric-system","8":"product_tag-69","9":"product_tag-bobcat-s100","10":"product_tag-bobcat-s130","11":"product_tag-bobcat-s150","12":"product_tag-bobcat-s160","13":"product_tag-bobcat-s175","14":"product_tag-bobcat-s185","15":"product_tag-bobcat-s205","16":"product_tag-bobcat-s220","17":"product_tag-bobcat-s250","18":"product_tag-bobcat-s300","19":"product_tag-bobcat-s330","20":"desktop-align-left","21":"tablet-align-left","22":"mobile-align-left","24":"first","25":"instock","26":"shipping-taxable","27":"purchasable","28":"product-type-simple"},"brands":[],"_links":{"self":[{"href":"https:\/\/zmsmotors.az\/az\/wp-json\/wp\/v2\/product\/84","targetHints":{"allow":["GET"]}}],"collection":[{"href":"https:\/\/zmsmotors.az\/az\/wp-json\/wp\/v2\/product"}],"about":[{"href":"https:\/\/zmsmotors.az\/az\/wp-json\/wp\/v2\/types\/product"}],"replies":[{"embeddable":true,"href":"https:\/\/zmsmotors.az\/az\/wp-json\/wp\/v2\/comments?post=84"}],"wp:featuredmedia":[{"embeddable":true,"href":"https:\/\/zmsmotors.az\/az\/wp-json\/wp\/v2\/media\/64"}],"wp:attachment":[{"href":"https:\/\/zmsmotors.az\/az\/wp-json\/wp\/v2\/media?parent=84"}],"wp:term":[{"taxonomy":"pwb-brand","embeddable":true,"href":"https:\/\/zmsmotors.az\/az\/wp-json\/wp\/v2\/pwb-brand?post=84"},{"taxonomy":"product_brand","embeddable":true,"href":"https:\/\/zmsmotors.az\/az\/wp-json\/wp\/v2\/product_brand?post=84"},{"taxonomy":"product_cat","embeddable":true,"href":"https:\/\/zmsmotors.az\/az\/wp-json\/wp\/v2\/product_cat?post=84"},{"taxonomy":"product_tag","embeddable":true,"href":"https:\/\/zmsmotors.az\/az\/wp-json\/wp\/v2\/product_tag?post=84"}],"curies":[{"name":"wp","href":"https:\/\/api.w.org\/{rel}","templated":true}]}}