{"id":81,"date":"2026-02-26T11:10:21","date_gmt":"2026-02-26T11:10:21","guid":{"rendered":"https:\/\/zmsmotors.az\/?post_type=product&#038;p=81"},"modified":"2026-03-13T17:34:49","modified_gmt":"2026-03-13T13:34:49","slug":"tail-lamp-right-7104670-bobcat","status":"publish","type":"product","link":"https:\/\/zmsmotors.az\/az\/product\/tail-lamp-right-7104670-bobcat\/","title":{"rendered":"\u00c7al\u0131\u015fma i\u015f\u0131\u011f\u0131, arxa sa\u011f - 7104670 - BobCat"},"content":{"rendered":"<p>Part Number: 7104670<br \/>\nModel: Bobcat<br \/>\nV\u0259ziyy\u0259ti: Yeni<br \/>\nKateqoriya: Elektrik Sistemi<\/p>","protected":false},"excerpt":{"rendered":"<p>Part Number: 7104670 Machine: Bobcat Condition: New Category: Electrical System<\/p>","protected":false},"featured_media":72,"comment_status":"open","ping_status":"closed","template":"","meta":{"site-sidebar-layout":"default","site-content-layout":"","ast-site-content-layout":"default","site-content-style":"default","site-sidebar-style":"default","ast-global-header-display":"","ast-banner-title-visibility":"","ast-main-header-display":"","ast-hfb-above-header-display":"","ast-hfb-below-header-display":"","ast-hfb-mobile-header-display":"","site-post-title":"","ast-breadcrumbs-content":"","ast-featured-img":"","footer-sml-layout":"","ast-disable-related-posts":"","theme-transparent-header-meta":"default","adv-header-id-meta":"","stick-header-meta":"","header-above-stick-meta":"","header-main-stick-meta":"","header-below-stick-meta":"","astra-migrate-meta-layouts":"set","ast-page-background-enabled":"default","ast-page-background-meta":{"desktop":{"background-color":"var(--ast-global-color-5)","background-image":"","background-repeat":"repeat","background-position":"center center","background-size":"auto","background-attachment":"scroll","background-type":"","background-media":"","overlay-type":"","overlay-color":"","overlay-opacity":"","overlay-gradient":""},"tablet":{"background-color":"","background-image":"","background-repeat":"repeat","background-position":"center center","background-size":"auto","background-attachment":"scroll","background-type":"","background-media":"","overlay-type":"","overlay-color":"","overlay-opacity":"","overlay-gradient":""},"mobile":{"background-color":"","background-image":"","background-repeat":"repeat","background-position":"center center","background-size":"auto","background-attachment":"scroll","background-type":"","background-media":"","overlay-type":"","overlay-color":"","overlay-opacity":"","overlay-gradient":""}},"ast-content-background-meta":{"desktop":{"background-color":"var(--ast-global-color-4)","background-image":"","background-repeat":"repeat","background-position":"center center","background-size":"auto","background-attachment":"scroll","background-type":"","background-media":"","overlay-type":"","overlay-color":"","overlay-opacity":"","overlay-gradient":""},"tablet":{"background-color":"var(--ast-global-color-4)","background-image":"","background-repeat":"repeat","background-position":"center center","background-size":"auto","background-attachment":"scroll","background-type":"","background-media":"","overlay-type":"","overlay-color":"","overlay-opacity":"","overlay-gradient":""},"mobile":{"background-color":"var(--ast-global-color-4)","background-image":"","background-repeat":"repeat","background-position":"center center","background-size":"auto","background-attachment":"scroll","background-type":"","background-media":"","overlay-type":"","overlay-color":"","overlay-opacity":"","overlay-gradient":""}}},"pwb-brand":[],"product_brand":[27],"product_cat":[23],"product_tag":[67,56,57,58,59,60,61,62,63,64,65,66,42,43,44],"class_list":{"0":"post-81","1":"product","2":"type-product","3":"status-publish","4":"has-post-thumbnail","6":"product_brand-bobcat","7":"product_cat-electric-system","8":"product_tag-67","9":"product_tag-bobcat-s100","10":"product_tag-bobcat-s450","11":"product_tag-bobcat-s510","12":"product_tag-bobcat-s530","13":"product_tag-bobcat-s550","14":"product_tag-bobcat-s570","15":"product_tag-bobcat-s590","16":"product_tag-bobcat-s595","17":"product_tag-bobcat-s630","18":"product_tag-bobcat-s650","19":"product_tag-bobcat-s740","20":"product_tag-bobcat-s750","21":"product_tag-bobcat-s770","22":"product_tag-bobcat-s850","23":"desktop-align-left","24":"tablet-align-left","25":"mobile-align-left","27":"first","28":"instock","29":"shipping-taxable","30":"purchasable","31":"product-type-simple"},"brands":[],"_links":{"self":[{"href":"https:\/\/zmsmotors.az\/az\/wp-json\/wp\/v2\/product\/81","targetHints":{"allow":["GET"]}}],"collection":[{"href":"https:\/\/zmsmotors.az\/az\/wp-json\/wp\/v2\/product"}],"about":[{"href":"https:\/\/zmsmotors.az\/az\/wp-json\/wp\/v2\/types\/product"}],"replies":[{"embeddable":true,"href":"https:\/\/zmsmotors.az\/az\/wp-json\/wp\/v2\/comments?post=81"}],"wp:featuredmedia":[{"embeddable":true,"href":"https:\/\/zmsmotors.az\/az\/wp-json\/wp\/v2\/media\/72"}],"wp:attachment":[{"href":"https:\/\/zmsmotors.az\/az\/wp-json\/wp\/v2\/media?parent=81"}],"wp:term":[{"taxonomy":"pwb-brand","embeddable":true,"href":"https:\/\/zmsmotors.az\/az\/wp-json\/wp\/v2\/pwb-brand?post=81"},{"taxonomy":"product_brand","embeddable":true,"href":"https:\/\/zmsmotors.az\/az\/wp-json\/wp\/v2\/product_brand?post=81"},{"taxonomy":"product_cat","embeddable":true,"href":"https:\/\/zmsmotors.az\/az\/wp-json\/wp\/v2\/product_cat?post=81"},{"taxonomy":"product_tag","embeddable":true,"href":"https:\/\/zmsmotors.az\/az\/wp-json\/wp\/v2\/product_tag?post=81"}],"curies":[{"name":"wp","href":"https:\/\/api.w.org\/{rel}","templated":true}]}}