{"id":309,"date":"2026-04-30T16:06:58","date_gmt":"2026-04-30T12:06:58","guid":{"rendered":"https:\/\/zmsmotors.az\/?post_type=product&#038;p=309"},"modified":"2026-04-30T16:31:14","modified_gmt":"2026-04-30T12:31:14","slug":"kit-seal-lift-cylinder-7135559-6816537-bobcat","status":"publish","type":"product","link":"https:\/\/zmsmotors.az\/az\/product\/kit-seal-lift-cylinder-7135559-6816537-bobcat\/","title":{"rendered":"T\u0259mir d\u0259sti; qald\u0131r\u0131c\u0131 silindir - 7135559, 6816537 - BobCat"},"content":{"rendered":"<p>Hiss\u0259 n\u00f6mr\u0259si: 7135559, 6816537<br \/>\nModel: BobCat<br \/>\nV\u0259ziyy\u0259ti: Yeni<br \/>\nHidravlik Sistem<\/p>","protected":false},"excerpt":{"rendered":"<p>Part Number: 7135559, 6816537 Machine: BobCat Condition: New Category: Hydraulic System<\/p>","protected":false},"featured_media":310,"comment_status":"open","ping_status":"closed","template":"","meta":{"site-sidebar-layout":"default","site-content-layout":"","ast-site-content-layout":"default","site-content-style":"default","site-sidebar-style":"default","ast-global-header-display":"","ast-banner-title-visibility":"","ast-main-header-display":"","ast-hfb-above-header-display":"","ast-hfb-below-header-display":"","ast-hfb-mobile-header-display":"","site-post-title":"","ast-breadcrumbs-content":"","ast-featured-img":"","footer-sml-layout":"","ast-disable-related-posts":"","theme-transparent-header-meta":"default","adv-header-id-meta":"","stick-header-meta":"","header-above-stick-meta":"","header-main-stick-meta":"","header-below-stick-meta":"","astra-migrate-meta-layouts":"set","ast-page-background-enabled":"default","ast-page-background-meta":{"desktop":{"background-color":"var(--ast-global-color-5)","background-image":"","background-repeat":"repeat","background-position":"center center","background-size":"auto","background-attachment":"scroll","background-type":"","background-media":"","overlay-type":"","overlay-color":"","overlay-opacity":"","overlay-gradient":""},"tablet":{"background-color":"","background-image":"","background-repeat":"repeat","background-position":"center center","background-size":"auto","background-attachment":"scroll","background-type":"","background-media":"","overlay-type":"","overlay-color":"","overlay-opacity":"","overlay-gradient":""},"mobile":{"background-color":"","background-image":"","background-repeat":"repeat","background-position":"center center","background-size":"auto","background-attachment":"scroll","background-type":"","background-media":"","overlay-type":"","overlay-color":"","overlay-opacity":"","overlay-gradient":""}},"ast-content-background-meta":{"desktop":{"background-color":"var(--ast-global-color-4)","background-image":"","background-repeat":"repeat","background-position":"center center","background-size":"auto","background-attachment":"scroll","background-type":"","background-media":"","overlay-type":"","overlay-color":"","overlay-opacity":"","overlay-gradient":""},"tablet":{"background-color":"var(--ast-global-color-4)","background-image":"","background-repeat":"repeat","background-position":"center center","background-size":"auto","background-attachment":"scroll","background-type":"","background-media":"","overlay-type":"","overlay-color":"","overlay-opacity":"","overlay-gradient":""},"mobile":{"background-color":"var(--ast-global-color-4)","background-image":"","background-repeat":"repeat","background-position":"center center","background-size":"auto","background-attachment":"scroll","background-type":"","background-media":"","overlay-type":"","overlay-color":"","overlay-opacity":"","overlay-gradient":""}}},"pwb-brand":[],"product_brand":[27],"product_cat":[22],"product_tag":[105,106,34,35,49,73],"class_list":{"0":"post-309","1":"product","2":"type-product","3":"status-publish","4":"has-post-thumbnail","6":"product_brand-bobcat","7":"product_cat-hydraulic-system","8":"product_tag-105","9":"product_tag-106","10":"product_tag-bobcat-s175","11":"product_tag-bobcat-s185","12":"product_tag-bobcat-s205","13":"product_tag-kit-seal","14":"desktop-align-left","15":"tablet-align-left","16":"mobile-align-left","18":"first","19":"instock","20":"shipping-taxable","21":"purchasable","22":"product-type-simple"},"brands":[],"_links":{"self":[{"href":"https:\/\/zmsmotors.az\/az\/wp-json\/wp\/v2\/product\/309","targetHints":{"allow":["GET"]}}],"collection":[{"href":"https:\/\/zmsmotors.az\/az\/wp-json\/wp\/v2\/product"}],"about":[{"href":"https:\/\/zmsmotors.az\/az\/wp-json\/wp\/v2\/types\/product"}],"replies":[{"embeddable":true,"href":"https:\/\/zmsmotors.az\/az\/wp-json\/wp\/v2\/comments?post=309"}],"wp:featuredmedia":[{"embeddable":true,"href":"https:\/\/zmsmotors.az\/az\/wp-json\/wp\/v2\/media\/310"}],"wp:attachment":[{"href":"https:\/\/zmsmotors.az\/az\/wp-json\/wp\/v2\/media?parent=309"}],"wp:term":[{"taxonomy":"pwb-brand","embeddable":true,"href":"https:\/\/zmsmotors.az\/az\/wp-json\/wp\/v2\/pwb-brand?post=309"},{"taxonomy":"product_brand","embeddable":true,"href":"https:\/\/zmsmotors.az\/az\/wp-json\/wp\/v2\/product_brand?post=309"},{"taxonomy":"product_cat","embeddable":true,"href":"https:\/\/zmsmotors.az\/az\/wp-json\/wp\/v2\/product_cat?post=309"},{"taxonomy":"product_tag","embeddable":true,"href":"https:\/\/zmsmotors.az\/az\/wp-json\/wp\/v2\/product_tag?post=309"}],"curies":[{"name":"wp","href":"https:\/\/api.w.org\/{rel}","templated":true}]}}