{"id":301,"date":"2026-04-17T12:21:32","date_gmt":"2026-04-17T08:21:32","guid":{"rendered":"https:\/\/zmsmotors.az\/?post_type=product&#038;p=301"},"modified":"2026-04-17T12:23:30","modified_gmt":"2026-04-17T08:23:30","slug":"cover-tail-lamp-6670287-bobcat","status":"publish","type":"product","link":"https:\/\/zmsmotors.az\/az\/product\/cover-tail-lamp-6670287-bobcat\/","title":{"rendered":"Arxa i\u015f\u0131q yeri \u00fc\u00e7\u00fcn qapaq \u2013 6670287 \u2013 BobCat"},"content":{"rendered":"<p>Hiss\u0259 N\u00f6mr\u0259si: 6670287<br \/>\nModel: Bobcat<br \/>\nV\u0259ziyy\u0259ti: Yeni<br \/>\nKateqoriya: Elektrik Sistemi<\/p>","protected":false},"excerpt":{"rendered":"<p>Part Number: 6670287 Machine: Bobcat Condition: New Category: Electrical System<\/p>","protected":false},"featured_media":298,"comment_status":"open","ping_status":"closed","template":"","meta":{"site-sidebar-layout":"default","site-content-layout":"","ast-site-content-layout":"default","site-content-style":"default","site-sidebar-style":"default","ast-global-header-display":"","ast-banner-title-visibility":"","ast-main-header-display":"","ast-hfb-above-header-display":"","ast-hfb-below-header-display":"","ast-hfb-mobile-header-display":"","site-post-title":"","ast-breadcrumbs-content":"","ast-featured-img":"","footer-sml-layout":"","ast-disable-related-posts":"","theme-transparent-header-meta":"default","adv-header-id-meta":"","stick-header-meta":"","header-above-stick-meta":"","header-main-stick-meta":"","header-below-stick-meta":"","astra-migrate-meta-layouts":"set","ast-page-background-enabled":"default","ast-page-background-meta":{"desktop":{"background-color":"var(--ast-global-color-5)","background-image":"","background-repeat":"repeat","background-position":"center center","background-size":"auto","background-attachment":"scroll","background-type":"","background-media":"","overlay-type":"","overlay-color":"","overlay-opacity":"","overlay-gradient":""},"tablet":{"background-color":"","background-image":"","background-repeat":"repeat","background-position":"center center","background-size":"auto","background-attachment":"scroll","background-type":"","background-media":"","overlay-type":"","overlay-color":"","overlay-opacity":"","overlay-gradient":""},"mobile":{"background-color":"","background-image":"","background-repeat":"repeat","background-position":"center center","background-size":"auto","background-attachment":"scroll","background-type":"","background-media":"","overlay-type":"","overlay-color":"","overlay-opacity":"","overlay-gradient":""}},"ast-content-background-meta":{"desktop":{"background-color":"var(--ast-global-color-4)","background-image":"","background-repeat":"repeat","background-position":"center center","background-size":"auto","background-attachment":"scroll","background-type":"","background-media":"","overlay-type":"","overlay-color":"","overlay-opacity":"","overlay-gradient":""},"tablet":{"background-color":"var(--ast-global-color-4)","background-image":"","background-repeat":"repeat","background-position":"center center","background-size":"auto","background-attachment":"scroll","background-type":"","background-media":"","overlay-type":"","overlay-color":"","overlay-opacity":"","overlay-gradient":""},"mobile":{"background-color":"var(--ast-global-color-4)","background-image":"","background-repeat":"repeat","background-position":"center center","background-size":"auto","background-attachment":"scroll","background-type":"","background-media":"","overlay-type":"","overlay-color":"","overlay-opacity":"","overlay-gradient":""}}},"pwb-brand":[],"product_brand":[27],"product_cat":[25,23],"product_tag":[102,67,56,57,58,59,60,61,62,63,64,65,66,42,43,44],"class_list":{"0":"post-301","1":"product","2":"type-product","3":"status-publish","4":"has-post-thumbnail","6":"product_brand-bobcat","7":"product_cat-body-parts","8":"product_cat-electric-system","9":"product_tag-102","10":"product_tag-67","11":"product_tag-bobcat-s100","12":"product_tag-bobcat-s450","13":"product_tag-bobcat-s510","14":"product_tag-bobcat-s530","15":"product_tag-bobcat-s550","16":"product_tag-bobcat-s570","17":"product_tag-bobcat-s590","18":"product_tag-bobcat-s595","19":"product_tag-bobcat-s630","20":"product_tag-bobcat-s650","21":"product_tag-bobcat-s740","22":"product_tag-bobcat-s750","23":"product_tag-bobcat-s770","24":"product_tag-bobcat-s850","25":"desktop-align-left","26":"tablet-align-left","27":"mobile-align-left","29":"first","30":"instock","31":"sale","32":"shipping-taxable","33":"purchasable","34":"product-type-simple"},"brands":[],"_links":{"self":[{"href":"https:\/\/zmsmotors.az\/az\/wp-json\/wp\/v2\/product\/301","targetHints":{"allow":["GET"]}}],"collection":[{"href":"https:\/\/zmsmotors.az\/az\/wp-json\/wp\/v2\/product"}],"about":[{"href":"https:\/\/zmsmotors.az\/az\/wp-json\/wp\/v2\/types\/product"}],"replies":[{"embeddable":true,"href":"https:\/\/zmsmotors.az\/az\/wp-json\/wp\/v2\/comments?post=301"}],"wp:featuredmedia":[{"embeddable":true,"href":"https:\/\/zmsmotors.az\/az\/wp-json\/wp\/v2\/media\/298"}],"wp:attachment":[{"href":"https:\/\/zmsmotors.az\/az\/wp-json\/wp\/v2\/media?parent=301"}],"wp:term":[{"taxonomy":"pwb-brand","embeddable":true,"href":"https:\/\/zmsmotors.az\/az\/wp-json\/wp\/v2\/pwb-brand?post=301"},{"taxonomy":"product_brand","embeddable":true,"href":"https:\/\/zmsmotors.az\/az\/wp-json\/wp\/v2\/product_brand?post=301"},{"taxonomy":"product_cat","embeddable":true,"href":"https:\/\/zmsmotors.az\/az\/wp-json\/wp\/v2\/product_cat?post=301"},{"taxonomy":"product_tag","embeddable":true,"href":"https:\/\/zmsmotors.az\/az\/wp-json\/wp\/v2\/product_tag?post=301"}],"curies":[{"name":"wp","href":"https:\/\/api.w.org\/{rel}","templated":true}]}}