{"id":293,"date":"2026-04-17T11:50:33","date_gmt":"2026-04-17T07:50:33","guid":{"rendered":"https:\/\/zmsmotors.az\/?post_type=product&#038;p=293"},"modified":"2026-04-17T11:57:19","modified_gmt":"2026-04-17T07:57:19","slug":"cover-head-lamp-6674403-bobcat","status":"publish","type":"product","link":"https:\/\/zmsmotors.az\/az\/product\/cover-head-lamp-6674403-bobcat\/","title":{"rendered":"\u00d6n i\u015f\u0131q yeri \u00fc\u00e7\u00fcn qapaq \u2013 6674403 \u2013 BobCat"},"content":{"rendered":"<p>Hiss\u0259 N\u00f6mr\u0259si: 6674403<br \/>\nModel: Bobcat<br \/>\nV\u0259ziyy\u0259ti: Yeni<br \/>\nKateqoriya: Elektrik Sistemi<\/p>","protected":false},"excerpt":{"rendered":"<p>Part Number: 6674403 Machine: Bobcat Condition: New Category: Electrical System<\/p>","protected":false},"featured_media":295,"comment_status":"open","ping_status":"closed","template":"","meta":{"site-sidebar-layout":"default","site-content-layout":"","ast-site-content-layout":"default","site-content-style":"default","site-sidebar-style":"default","ast-global-header-display":"","ast-banner-title-visibility":"","ast-main-header-display":"","ast-hfb-above-header-display":"","ast-hfb-below-header-display":"","ast-hfb-mobile-header-display":"","site-post-title":"","ast-breadcrumbs-content":"","ast-featured-img":"","footer-sml-layout":"","ast-disable-related-posts":"","theme-transparent-header-meta":"default","adv-header-id-meta":"","stick-header-meta":"","header-above-stick-meta":"","header-main-stick-meta":"","header-below-stick-meta":"","astra-migrate-meta-layouts":"set","ast-page-background-enabled":"default","ast-page-background-meta":{"desktop":{"background-color":"var(--ast-global-color-5)","background-image":"","background-repeat":"repeat","background-position":"center center","background-size":"auto","background-attachment":"scroll","background-type":"","background-media":"","overlay-type":"","overlay-color":"","overlay-opacity":"","overlay-gradient":""},"tablet":{"background-color":"","background-image":"","background-repeat":"repeat","background-position":"center center","background-size":"auto","background-attachment":"scroll","background-type":"","background-media":"","overlay-type":"","overlay-color":"","overlay-opacity":"","overlay-gradient":""},"mobile":{"background-color":"","background-image":"","background-repeat":"repeat","background-position":"center center","background-size":"auto","background-attachment":"scroll","background-type":"","background-media":"","overlay-type":"","overlay-color":"","overlay-opacity":"","overlay-gradient":""}},"ast-content-background-meta":{"desktop":{"background-color":"var(--ast-global-color-4)","background-image":"","background-repeat":"repeat","background-position":"center center","background-size":"auto","background-attachment":"scroll","background-type":"","background-media":"","overlay-type":"","overlay-color":"","overlay-opacity":"","overlay-gradient":""},"tablet":{"background-color":"var(--ast-global-color-4)","background-image":"","background-repeat":"repeat","background-position":"center center","background-size":"auto","background-attachment":"scroll","background-type":"","background-media":"","overlay-type":"","overlay-color":"","overlay-opacity":"","overlay-gradient":""},"mobile":{"background-color":"var(--ast-global-color-4)","background-image":"","background-repeat":"repeat","background-position":"center center","background-size":"auto","background-attachment":"scroll","background-type":"","background-media":"","overlay-type":"","overlay-color":"","overlay-opacity":"","overlay-gradient":""}}},"pwb-brand":[],"product_brand":[27],"product_cat":[25,23],"product_tag":[69,101,56,48,32,33,34,35,49,38,39,40,41],"class_list":{"0":"post-293","1":"product","2":"type-product","3":"status-publish","4":"has-post-thumbnail","6":"product_brand-bobcat","7":"product_cat-body-parts","8":"product_cat-electric-system","9":"product_tag-69","10":"product_tag-101","11":"product_tag-bobcat-s100","12":"product_tag-bobcat-s130","13":"product_tag-bobcat-s150","14":"product_tag-bobcat-s160","15":"product_tag-bobcat-s175","16":"product_tag-bobcat-s185","17":"product_tag-bobcat-s205","18":"product_tag-bobcat-s220","19":"product_tag-bobcat-s250","20":"product_tag-bobcat-s300","21":"product_tag-bobcat-s330","22":"desktop-align-left","23":"tablet-align-left","24":"mobile-align-left","26":"first","27":"instock","28":"sale","29":"shipping-taxable","30":"purchasable","31":"product-type-simple"},"brands":[],"_links":{"self":[{"href":"https:\/\/zmsmotors.az\/az\/wp-json\/wp\/v2\/product\/293","targetHints":{"allow":["GET"]}}],"collection":[{"href":"https:\/\/zmsmotors.az\/az\/wp-json\/wp\/v2\/product"}],"about":[{"href":"https:\/\/zmsmotors.az\/az\/wp-json\/wp\/v2\/types\/product"}],"replies":[{"embeddable":true,"href":"https:\/\/zmsmotors.az\/az\/wp-json\/wp\/v2\/comments?post=293"}],"wp:featuredmedia":[{"embeddable":true,"href":"https:\/\/zmsmotors.az\/az\/wp-json\/wp\/v2\/media\/295"}],"wp:attachment":[{"href":"https:\/\/zmsmotors.az\/az\/wp-json\/wp\/v2\/media?parent=293"}],"wp:term":[{"taxonomy":"pwb-brand","embeddable":true,"href":"https:\/\/zmsmotors.az\/az\/wp-json\/wp\/v2\/pwb-brand?post=293"},{"taxonomy":"product_brand","embeddable":true,"href":"https:\/\/zmsmotors.az\/az\/wp-json\/wp\/v2\/product_brand?post=293"},{"taxonomy":"product_cat","embeddable":true,"href":"https:\/\/zmsmotors.az\/az\/wp-json\/wp\/v2\/product_cat?post=293"},{"taxonomy":"product_tag","embeddable":true,"href":"https:\/\/zmsmotors.az\/az\/wp-json\/wp\/v2\/product_tag?post=293"}],"curies":[{"name":"wp","href":"https:\/\/api.w.org\/{rel}","templated":true}]}}