{"id":183,"date":"2026-03-13T10:19:42","date_gmt":"2026-03-13T06:19:42","guid":{"rendered":"https:\/\/zmsmotors.az\/?post_type=product&#038;p=183"},"modified":"2026-03-13T10:20:35","modified_gmt":"2026-03-13T06:20:35","slug":"solenoid-12v-6681512-7136559-bobcat","status":"publish","type":"product","link":"https:\/\/zmsmotors.az\/az\/product\/solenoid-12v-6681512-7136559-bobcat\/","title":{"rendered":"Solenoid 12V; y\u00fcr\u00fc\u015f sistemi - 6681512, 7136559 - BobCat"},"content":{"rendered":"<p>Hiss\u0259 n\u00f6mr\u0259si: 6681512, 7136559<br \/>\nModel: BobCat<br \/>\nV\u0259ziyy\u0259ti: Yeni<br \/>\nHidravlik Sistem<\/p>","protected":false},"excerpt":{"rendered":"<p>Part Number: 6681512, 7136559 Machine: BobCat Condition: New Category: Hydraulic System<\/p>","protected":false},"featured_media":185,"comment_status":"open","ping_status":"closed","template":"","meta":{"site-sidebar-layout":"default","site-content-layout":"","ast-site-content-layout":"default","site-content-style":"default","site-sidebar-style":"default","ast-global-header-display":"","ast-banner-title-visibility":"","ast-main-header-display":"","ast-hfb-above-header-display":"","ast-hfb-below-header-display":"","ast-hfb-mobile-header-display":"","site-post-title":"","ast-breadcrumbs-content":"","ast-featured-img":"","footer-sml-layout":"","ast-disable-related-posts":"","theme-transparent-header-meta":"default","adv-header-id-meta":"","stick-header-meta":"","header-above-stick-meta":"","header-main-stick-meta":"","header-below-stick-meta":"","astra-migrate-meta-layouts":"set","ast-page-background-enabled":"default","ast-page-background-meta":{"desktop":{"background-color":"var(--ast-global-color-5)","background-image":"","background-repeat":"repeat","background-position":"center center","background-size":"auto","background-attachment":"scroll","background-type":"","background-media":"","overlay-type":"","overlay-color":"","overlay-opacity":"","overlay-gradient":""},"tablet":{"background-color":"","background-image":"","background-repeat":"repeat","background-position":"center center","background-size":"auto","background-attachment":"scroll","background-type":"","background-media":"","overlay-type":"","overlay-color":"","overlay-opacity":"","overlay-gradient":""},"mobile":{"background-color":"","background-image":"","background-repeat":"repeat","background-position":"center center","background-size":"auto","background-attachment":"scroll","background-type":"","background-media":"","overlay-type":"","overlay-color":"","overlay-opacity":"","overlay-gradient":""}},"ast-content-background-meta":{"desktop":{"background-color":"var(--ast-global-color-4)","background-image":"","background-repeat":"repeat","background-position":"center center","background-size":"auto","background-attachment":"scroll","background-type":"","background-media":"","overlay-type":"","overlay-color":"","overlay-opacity":"","overlay-gradient":""},"tablet":{"background-color":"var(--ast-global-color-4)","background-image":"","background-repeat":"repeat","background-position":"center center","background-size":"auto","background-attachment":"scroll","background-type":"","background-media":"","overlay-type":"","overlay-color":"","overlay-opacity":"","overlay-gradient":""},"mobile":{"background-color":"var(--ast-global-color-4)","background-image":"","background-repeat":"repeat","background-position":"center center","background-size":"auto","background-attachment":"scroll","background-type":"","background-media":"","overlay-type":"","overlay-color":"","overlay-opacity":"","overlay-gradient":""}}},"pwb-brand":[],"product_brand":[],"product_cat":[24,23,22],"product_tag":[79,80,56,48,32,81,33,34,82,35,49,38,39,40,57,58,59,60,61,62,63,64,65,76,66,42,43,30],"class_list":{"0":"post-183","1":"product","2":"type-product","3":"status-publish","4":"has-post-thumbnail","6":"product_cat-drive-parts","7":"product_cat-electric-system","8":"product_cat-hydraulic-system","9":"product_tag-79","10":"product_tag-80","11":"product_tag-bobcat-s100","12":"product_tag-bobcat-s130","13":"product_tag-bobcat-s150","14":"product_tag-bobcat-s16","15":"product_tag-bobcat-s160","16":"product_tag-bobcat-s175","17":"product_tag-bobcat-s18","18":"product_tag-bobcat-s185","19":"product_tag-bobcat-s205","20":"product_tag-bobcat-s220","21":"product_tag-bobcat-s250","22":"product_tag-bobcat-s300","23":"product_tag-bobcat-s450","24":"product_tag-bobcat-s510","25":"product_tag-bobcat-s530","26":"product_tag-bobcat-s550","27":"product_tag-bobcat-s570","28":"product_tag-bobcat-s590","29":"product_tag-bobcat-s595","30":"product_tag-bobcat-s630","31":"product_tag-bobcat-s650","32":"product_tag-bobcat-s70","33":"product_tag-bobcat-s740","34":"product_tag-bobcat-s750","35":"product_tag-bobcat-s770","36":"product_tag-solenoid-12v","37":"desktop-align-left","38":"tablet-align-left","39":"mobile-align-left","41":"first","42":"instock","43":"shipping-taxable","44":"purchasable","45":"product-type-simple"},"brands":[],"_links":{"self":[{"href":"https:\/\/zmsmotors.az\/az\/wp-json\/wp\/v2\/product\/183","targetHints":{"allow":["GET"]}}],"collection":[{"href":"https:\/\/zmsmotors.az\/az\/wp-json\/wp\/v2\/product"}],"about":[{"href":"https:\/\/zmsmotors.az\/az\/wp-json\/wp\/v2\/types\/product"}],"replies":[{"embeddable":true,"href":"https:\/\/zmsmotors.az\/az\/wp-json\/wp\/v2\/comments?post=183"}],"wp:featuredmedia":[{"embeddable":true,"href":"https:\/\/zmsmotors.az\/az\/wp-json\/wp\/v2\/media\/185"}],"wp:attachment":[{"href":"https:\/\/zmsmotors.az\/az\/wp-json\/wp\/v2\/media?parent=183"}],"wp:term":[{"taxonomy":"pwb-brand","embeddable":true,"href":"https:\/\/zmsmotors.az\/az\/wp-json\/wp\/v2\/pwb-brand?post=183"},{"taxonomy":"product_brand","embeddable":true,"href":"https:\/\/zmsmotors.az\/az\/wp-json\/wp\/v2\/product_brand?post=183"},{"taxonomy":"product_cat","embeddable":true,"href":"https:\/\/zmsmotors.az\/az\/wp-json\/wp\/v2\/product_cat?post=183"},{"taxonomy":"product_tag","embeddable":true,"href":"https:\/\/zmsmotors.az\/az\/wp-json\/wp\/v2\/product_tag?post=183"}],"curies":[{"name":"wp","href":"https:\/\/api.w.org\/{rel}","templated":true}]}}