{"id":148,"date":"2026-03-02T12:23:49","date_gmt":"2026-03-02T12:23:49","guid":{"rendered":"https:\/\/zmsmotors.az\/?page_id=148"},"modified":"2026-03-02T12:23:49","modified_gmt":"2026-03-02T12:23:49","slug":"privacy-policy","status":"publish","type":"page","link":"https:\/\/zmsmotors.az\/az\/privacy-policy\/","title":{"rendered":"M\u0259xfilik Siyas\u0259ti"},"content":{"rendered":"<p>Son yenil\u0259nm\u0259: Mart 2026<\/p>\n\n\n\n<h3 class=\"wp-block-heading\">1. Toplad\u0131\u011f\u0131m\u0131z M\u0259lumatlar<\/h3>\n\n\n\n<p>A\u015fa\u011f\u0131dak\u0131 m\u0259lumatlar\u0131 toplaya bil\u0259rik:<\/p>\n\n\n\n<ul class=\"wp-block-list\">\n<li>\u015e\u0259xsi m\u0259lumat<\/li>\n\n\n\n<li>Telefon n\u00f6mr\u0259si<\/li>\n\n\n\n<li>E-mail adresi<\/li>\n\n\n\n<li>Faktura v\u0259 \u00e7atd\u0131r\u0131lma \u00fcnvan\u0131<\/li>\n\n\n\n<li>Sifari\u015f detallar\u0131<\/li>\n<\/ul>\n\n\n\n<h3 class=\"wp-block-heading\">2. M\u0259lumatdan nec\u0259 istifad\u0259 edirik<\/h3>\n\n\n\n<p>Toplanan m\u0259lumatlar a\u015fa\u011f\u0131dak\u0131lar \u00fc\u00e7\u00fcn istifad\u0259 olunur:<\/p>\n\n\n\n<ul class=\"wp-block-list\">\n<li>Sifari\u015fl\u0259ri emal edib v\u0259 \u00e7atd\u0131rmaq<\/li>\n\n\n\n<li>Contact customers regarding orders<\/li>\n\n\n\n<li>Xidm\u0259tl\u0259rimizi t\u0259kmill\u0259\u015fdirm\u0259k<\/li>\n\n\n\n<li>Qanuni \u00f6hd\u0259likl\u0259r\u0259 \u0259m\u0259l etm\u0259k<\/li>\n<\/ul>\n\n\n\n<h3 class=\"wp-block-heading\">3. M\u0259lumatlar\u0131n qorunmas\u0131<\/h3>\n\n\n\n<p>Z.M.S. MOTORS m\u00fc\u015ft\u0259ri m\u0259lumatlar\u0131n\u0131 icaz\u0259siz giri\u015f, d\u0259yi\u015fiklik v\u0259 ya a\u00e7\u0131qlamadan qorumaq \u00fc\u00e7\u00fcn m\u00fcvafiq texniki v\u0259 t\u0259\u015fkilati t\u0259dbirl\u0259r g\u00f6r\u00fcr.<\/p>\n\n\n\n<h3 class=\"wp-block-heading\">4. \u00dc\u00e7\u00fcnc\u00fc T\u0259r\u0259f Xidm\u0259tl\u0259ri<\/h3>\n\n\n\n<p>Biz yaln\u0131z sifari\u015fin yerin\u0259 yetirilm\u0259si m\u0259qs\u0259dl\u0259ri \u00fc\u00e7\u00fcn \u00fc\u00e7\u00fcnc\u00fc t\u0259r\u0259f xidm\u0259t t\u0259minat\u00e7\u0131lar\u0131ndan (m\u0259s\u0259l\u0259n, \u00f6d\u0259ni\u015f prosessorlar\u0131 v\u0259 ya \u00e7atd\u0131r\u0131lma \u015firk\u0259tl\u0259ri) istifad\u0259 ed\u0259 bil\u0259rik.<\/p>\n\n\n\n<h3 class=\"wp-block-heading\">5. Kukil\u0259r<\/h3>\n\n\n\n<p>Veb sayt\u0131m\u0131z istifad\u0259\u00e7i t\u0259cr\u00fcb\u0259sini t\u0259kmill\u0259\u015fdirm\u0259k v\u0259 veb sayt\u0131n f\u0259aliyy\u0259tini t\u0259hlil etm\u0259k \u00fc\u00e7\u00fcn kukil\u0259rd\u0259n istifad\u0259 ed\u0259 bil\u0259r.<\/p>\n\n\n\n<h3 class=\"wp-block-heading\">6. M\u00fc\u015ft\u0259ri H\u00fcquqlar\u0131<\/h3>\n\n\n\n<p>Customers may request access, correction, or deletion of their personal data by contacting us directly.<\/p>","protected":false},"excerpt":{"rendered":"<p>Last updated: March 2026 1. Information We Collect We may collect the following information: 2. How We Use Information Collected [&hellip;]<\/p>\n","protected":false},"author":1,"featured_media":0,"parent":0,"menu_order":0,"comment_status":"closed","ping_status":"closed","template":"","meta":{"site-sidebar-layout":"default","site-content-layout":"","ast-site-content-layout":"default","site-content-style":"default","site-sidebar-style":"default","ast-global-header-display":"","ast-banner-title-visibility":"","ast-main-header-display":"","ast-hfb-above-header-display":"","ast-hfb-below-header-display":"","ast-hfb-mobile-header-display":"","site-post-title":"","ast-breadcrumbs-content":"","ast-featured-img":"","footer-sml-layout":"","ast-disable-related-posts":"","theme-transparent-header-meta":"","adv-header-id-meta":"","stick-header-meta":"","header-above-stick-meta":"","header-main-stick-meta":"","header-below-stick-meta":"","astra-migrate-meta-layouts":"default","ast-page-background-enabled":"default","ast-page-background-meta":{"desktop":{"background-color":"var(--ast-global-color-5)","background-image":"","background-repeat":"repeat","background-position":"center center","background-size":"auto","background-attachment":"scroll","background-type":"","background-media":"","overlay-type":"","overlay-color":"","overlay-opacity":"","overlay-gradient":""},"tablet":{"background-color":"","background-image":"","background-repeat":"repeat","background-position":"center center","background-size":"auto","background-attachment":"scroll","background-type":"","background-media":"","overlay-type":"","overlay-color":"","overlay-opacity":"","overlay-gradient":""},"mobile":{"background-color":"","background-image":"","background-repeat":"repeat","background-position":"center center","background-size":"auto","background-attachment":"scroll","background-type":"","background-media":"","overlay-type":"","overlay-color":"","overlay-opacity":"","overlay-gradient":""}},"ast-content-background-meta":{"desktop":{"background-color":"var(--ast-global-color-4)","background-image":"","background-repeat":"repeat","background-position":"center center","background-size":"auto","background-attachment":"scroll","background-type":"","background-media":"","overlay-type":"","overlay-color":"","overlay-opacity":"","overlay-gradient":""},"tablet":{"background-color":"var(--ast-global-color-4)","background-image":"","background-repeat":"repeat","background-position":"center center","background-size":"auto","background-attachment":"scroll","background-type":"","background-media":"","overlay-type":"","overlay-color":"","overlay-opacity":"","overlay-gradient":""},"mobile":{"background-color":"var(--ast-global-color-4)","background-image":"","background-repeat":"repeat","background-position":"center center","background-size":"auto","background-attachment":"scroll","background-type":"","background-media":"","overlay-type":"","overlay-color":"","overlay-opacity":"","overlay-gradient":""}},"footnotes":""},"class_list":["post-148","page","type-page","status-publish","hentry"],"_links":{"self":[{"href":"https:\/\/zmsmotors.az\/az\/wp-json\/wp\/v2\/pages\/148","targetHints":{"allow":["GET"]}}],"collection":[{"href":"https:\/\/zmsmotors.az\/az\/wp-json\/wp\/v2\/pages"}],"about":[{"href":"https:\/\/zmsmotors.az\/az\/wp-json\/wp\/v2\/types\/page"}],"author":[{"embeddable":true,"href":"https:\/\/zmsmotors.az\/az\/wp-json\/wp\/v2\/users\/1"}],"replies":[{"embeddable":true,"href":"https:\/\/zmsmotors.az\/az\/wp-json\/wp\/v2\/comments?post=148"}],"version-history":[{"count":1,"href":"https:\/\/zmsmotors.az\/az\/wp-json\/wp\/v2\/pages\/148\/revisions"}],"predecessor-version":[{"id":149,"href":"https:\/\/zmsmotors.az\/az\/wp-json\/wp\/v2\/pages\/148\/revisions\/149"}],"wp:attachment":[{"href":"https:\/\/zmsmotors.az\/az\/wp-json\/wp\/v2\/media?parent=148"}],"curies":[{"name":"wp","href":"https:\/\/api.w.org\/{rel}","templated":true}]}}