{"id":146,"date":"2026-03-02T12:22:18","date_gmt":"2026-03-02T12:22:18","guid":{"rendered":"https:\/\/zmsmotors.az\/?page_id=146"},"modified":"2026-03-02T12:22:18","modified_gmt":"2026-03-02T12:22:18","slug":"terms-conditions","status":"publish","type":"page","link":"https:\/\/zmsmotors.az\/az\/terms-conditions\/","title":{"rendered":"Terms &#038; Conditions"},"content":{"rendered":"<p>Son yenil\u0259nm\u0259: Mart 2026<\/p>\n\n\n\n<h3 class=\"wp-block-heading\">1. \u00dcmumi<\/h3>\n\n\n\n<p>By accessing and using this website, you agree to comply with these Terms &amp; Conditions.<\/p>\n\n\n\n<p>Z.M.S. MOTORS ist\u0259nil\u0259n vaxt \u0259vv\u0259lc\u0259d\u0259n x\u0259b\u0259rdarl\u0131q etm\u0259d\u0259n bu \u015f\u0259rtl\u0259ri yenil\u0259m\u0259k v\u0259 ya d\u0259yi\u015fdirm\u0259k h\u00fcququnu \u00f6z\u00fcnd\u0259 saxlay\u0131r.<\/p>\n\n\n\n<h3 class=\"wp-block-heading\">2. M\u0259hsul M\u0259lumat\u0131<\/h3>\n\n\n\n<p>B\u00fct\u00fcn m\u0259hsul t\u0259svirl\u0259rinin v\u0259 qiym\u0259tl\u0259rinin d\u0259qiq olmas\u0131n\u0131 t\u0259min etm\u0259y\u0259 \u00e7al\u0131\u015f\u0131r\u0131q. Lakin, s\u0259hvl\u0259r ba\u015f ver\u0259 bil\u0259r.<\/p>\n\n\n\n<p>H\u0259r hans\u0131 bir s\u0259hvi d\u00fcz\u0259ltm\u0259k v\u0259 z\u0259ruri hallarda sifari\u015fl\u0259ri l\u0259\u011fv etm\u0259k h\u00fcququmuzu \u00f6z\u00fcm\u00fczd\u0259 saxlay\u0131r\u0131q.<\/p>\n\n\n\n<h3 class=\"wp-block-heading\">3. Sifari\u015fl\u0259r<\/h3>\n\n\n\n<p>B\u00fct\u00fcn sifari\u015fl\u0259r t\u0259sdiqd\u0259n ke\u00e7ir.<\/p>\n\n\n\n<p>Z.M.S. MOTORS \u00f6z m\u00fclahiz\u0259sin\u0259 \u0259sas\u0259n ist\u0259nil\u0259n sifari\u015fi r\u0259dd etm\u0259k v\u0259 ya l\u0259\u011fv etm\u0259k h\u00fcququnu \u00f6z\u00fcnd\u0259 saxlay\u0131r.<\/p>\n\n\n\n<h3 class=\"wp-block-heading\">4. Qiym\u0259tl\u0259ndirm\u0259<\/h3>\n\n\n\n<p>Veb sayt\u0131nda g\u00f6st\u0259ril\u0259n qiym\u0259tl\u0259r\u0259 a\u00e7\u0131q \u015f\u0259kild\u0259 g\u00f6st\u0259rilm\u0259diyi t\u0259qdird\u0259 \u00e7atd\u0131r\u0131lma x\u0259rcl\u0259ri daxil deyil.<\/p>\n\n\n\n<p>G\u00f6nd\u0259rm\u0259 x\u0259rcl\u0259ri ayr\u0131ca hesablan\u0131r v\u0259 m\u00fc\u015ft\u0259ri il\u0259 t\u0259sdiql\u0259nir.<\/p>\n\n\n\n<h3 class=\"wp-block-heading\">5. M\u0259suliyy\u0259t<\/h3>\n\n\n\n<p>Z.M.S. MOTORS m\u0259hsullar\u0131m\u0131z\u0131n v\u0259 ya veb sayt\u0131m\u0131z\u0131n istifad\u0259sind\u0259n ir\u0259li g\u0259l\u0259n dolay\u0131, t\u0259sad\u00fcfi v\u0259 ya n\u0259tic\u0259vi z\u0259r\u0259rl\u0259r\u0259 g\u00f6r\u0259 m\u0259suliyy\u0259t da\u015f\u0131m\u0131r.<\/p>\n\n\n\n<h3 class=\"wp-block-heading\">6. T\u0259nziml\u0259yici Qanun<\/h3>\n\n\n\n<p>These Terms &amp; Conditions are governed by the laws of the Republic of Azerbaijan.<\/p>","protected":false},"excerpt":{"rendered":"<p>Last updated: March 2026 1. General By accessing and using this website, you agree to comply with these Terms &amp; [&hellip;]<\/p>\n","protected":false},"author":1,"featured_media":0,"parent":0,"menu_order":0,"comment_status":"closed","ping_status":"closed","template":"","meta":{"site-sidebar-layout":"default","site-content-layout":"","ast-site-content-layout":"default","site-content-style":"default","site-sidebar-style":"default","ast-global-header-display":"","ast-banner-title-visibility":"","ast-main-header-display":"","ast-hfb-above-header-display":"","ast-hfb-below-header-display":"","ast-hfb-mobile-header-display":"","site-post-title":"","ast-breadcrumbs-content":"","ast-featured-img":"","footer-sml-layout":"","ast-disable-related-posts":"","theme-transparent-header-meta":"","adv-header-id-meta":"","stick-header-meta":"","header-above-stick-meta":"","header-main-stick-meta":"","header-below-stick-meta":"","astra-migrate-meta-layouts":"default","ast-page-background-enabled":"default","ast-page-background-meta":{"desktop":{"background-color":"var(--ast-global-color-5)","background-image":"","background-repeat":"repeat","background-position":"center center","background-size":"auto","background-attachment":"scroll","background-type":"","background-media":"","overlay-type":"","overlay-color":"","overlay-opacity":"","overlay-gradient":""},"tablet":{"background-color":"","background-image":"","background-repeat":"repeat","background-position":"center center","background-size":"auto","background-attachment":"scroll","background-type":"","background-media":"","overlay-type":"","overlay-color":"","overlay-opacity":"","overlay-gradient":""},"mobile":{"background-color":"","background-image":"","background-repeat":"repeat","background-position":"center center","background-size":"auto","background-attachment":"scroll","background-type":"","background-media":"","overlay-type":"","overlay-color":"","overlay-opacity":"","overlay-gradient":""}},"ast-content-background-meta":{"desktop":{"background-color":"var(--ast-global-color-4)","background-image":"","background-repeat":"repeat","background-position":"center center","background-size":"auto","background-attachment":"scroll","background-type":"","background-media":"","overlay-type":"","overlay-color":"","overlay-opacity":"","overlay-gradient":""},"tablet":{"background-color":"var(--ast-global-color-4)","background-image":"","background-repeat":"repeat","background-position":"center center","background-size":"auto","background-attachment":"scroll","background-type":"","background-media":"","overlay-type":"","overlay-color":"","overlay-opacity":"","overlay-gradient":""},"mobile":{"background-color":"var(--ast-global-color-4)","background-image":"","background-repeat":"repeat","background-position":"center center","background-size":"auto","background-attachment":"scroll","background-type":"","background-media":"","overlay-type":"","overlay-color":"","overlay-opacity":"","overlay-gradient":""}},"footnotes":""},"class_list":["post-146","page","type-page","status-publish","hentry"],"_links":{"self":[{"href":"https:\/\/zmsmotors.az\/az\/wp-json\/wp\/v2\/pages\/146","targetHints":{"allow":["GET"]}}],"collection":[{"href":"https:\/\/zmsmotors.az\/az\/wp-json\/wp\/v2\/pages"}],"about":[{"href":"https:\/\/zmsmotors.az\/az\/wp-json\/wp\/v2\/types\/page"}],"author":[{"embeddable":true,"href":"https:\/\/zmsmotors.az\/az\/wp-json\/wp\/v2\/users\/1"}],"replies":[{"embeddable":true,"href":"https:\/\/zmsmotors.az\/az\/wp-json\/wp\/v2\/comments?post=146"}],"version-history":[{"count":1,"href":"https:\/\/zmsmotors.az\/az\/wp-json\/wp\/v2\/pages\/146\/revisions"}],"predecessor-version":[{"id":147,"href":"https:\/\/zmsmotors.az\/az\/wp-json\/wp\/v2\/pages\/146\/revisions\/147"}],"wp:attachment":[{"href":"https:\/\/zmsmotors.az\/az\/wp-json\/wp\/v2\/media?parent=146"}],"curies":[{"name":"wp","href":"https:\/\/api.w.org\/{rel}","templated":true}]}}